{"id":2650,"date":"2023-04-05T17:32:06","date_gmt":"2023-04-05T15:32:06","guid":{"rendered":"https:\/\/golf-mornex.com\/wp\/?page_id=2650"},"modified":"2026-04-19T12:44:42","modified_gmt":"2026-04-19T10:44:42","slug":"tarifs-preferentiels","status":"publish","type":"page","link":"https:\/\/golf-mornex.com\/wp\/tarifs-preferentiels\/","title":{"rendered":"Tarifs pr\u00e9f\u00e9rentiels"},"content":{"rendered":"<p>[et_pb_section fb_built=\u00a0\u00bb1&Prime; admin_label=\u00a0\u00bbAbout Coffee\u00a0\u00bb _builder_version=\u00a0\u00bb4.17.0&Prime; _module_preset=\u00a0\u00bbdefault\u00a0\u00bb background_color=\u00a0\u00bb#1d2528&Prime; background_image=\u00a0\u00bbhttps:\/\/golf-mornex.com\/wp\/wp-content\/uploads\/2022\/04\/golf-tarifs.jpg\u00a0\u00bb background_position=\u00a0\u00bbcenter_left\u00a0\u00bb custom_padding=\u00a0\u00bb10%|0px|10%|0px\u00a0\u00bb da_disable_devices=\u00a0\u00bboff|off|off\u00a0\u00bb locked=\u00a0\u00bboff\u00a0\u00bb global_colors_info=\u00a0\u00bb{}\u00a0\u00bb da_is_popup=\u00a0\u00bboff\u00a0\u00bb da_exit_intent=\u00a0\u00bboff\u00a0\u00bb da_has_close=\u00a0\u00bbon\u00a0\u00bb da_alt_close=\u00a0\u00bboff\u00a0\u00bb da_dark_close=\u00a0\u00bboff\u00a0\u00bb da_not_modal=\u00a0\u00bbon\u00a0\u00bb da_is_singular=\u00a0\u00bboff\u00a0\u00bb da_with_loader=\u00a0\u00bboff\u00a0\u00bb da_has_shadow=\u00a0\u00bbon\u00a0\u00bb][et_pb_row custom_padding_last_edited=\u00a0\u00bbon|desktop\u00a0\u00bb admin_label=\u00a0\u00bbtittle Row\u00a0\u00bb _builder_version=\u00a0\u00bb4.16&Prime; _module_preset=\u00a0\u00bbdefault\u00a0\u00bb custom_margin=\u00a0\u00bb|||\u00a0\u00bb custom_padding=\u00a0\u00bb|20%||\u00a0\u00bb custom_padding_tablet=\u00a0\u00bb|0px||\u00a0\u00bb custom_padding_phone=\u00a0\u00bb|0px||\u00a0\u00bb custom_width_px=\u00a0\u00bb1280px\u00a0\u00bb global_colors_info=\u00a0\u00bb{}\u00a0\u00bb][et_pb_column type=\u00a0\u00bb4_4&Prime; _builder_version=\u00a0\u00bb4.16&Prime; _module_preset=\u00a0\u00bbdefault\u00a0\u00bb custom_padding=\u00a0\u00bb|||\u00a0\u00bb global_colors_info=\u00a0\u00bb{}\u00a0\u00bb custom_padding__hover=\u00a0\u00bb|||\u00a0\u00bb][et_pb_text admin_label=\u00a0\u00bbTittle\u00a0\u00bb _builder_version=\u00a0\u00bb4.27.4&Prime; _module_preset=\u00a0\u00bbdefault\u00a0\u00bb text_font=\u00a0\u00bb||||||||\u00a0\u00bb header_font=\u00a0\u00bbOswald|||on|||||\u00a0\u00bb header_text_align=\u00a0\u00bbleft\u00a0\u00bb header_font_size=\u00a0\u00bb58px\u00a0\u00bb header_2_font=\u00a0\u00bbOswald|||on|||||\u00a0\u00bb header_2_text_align=\u00a0\u00bbleft\u00a0\u00bb header_2_font_size=\u00a0\u00bb40px\u00a0\u00bb header_2_letter_spacing=\u00a0\u00bb2px\u00a0\u00bb header_2_line_height=\u00a0\u00bb1.5em\u00a0\u00bb background_layout=\u00a0\u00bbdark\u00a0\u00bb max_width=\u00a0\u00bb269px\u00a0\u00bb module_alignment=\u00a0\u00bbcenter\u00a0\u00bb global_colors_info=\u00a0\u00bb{}\u00a0\u00bb]<\/p>\n<h3 style=\"text-align: center;\">Golfs partenaires qui accordent des tarifs pr\u00e9f\u00e9rentiels \u00e0 nos membres<\/h3>\n<h2 style=\"text-align: center;\"><strong>Tarifs de 2026<\/strong><\/h2>\n<p style=\"text-align: center;\">(Sur pr\u00e9sentation de la carte de membre et de la licence de golf)<\/p>\n<p>[\/et_pb_text][\/et_pb_column][\/et_pb_row][\/et_pb_section][et_pb_section fb_built=\u00a0\u00bb1&Prime; _builder_version=\u00a0\u00bb4.17.0&Prime; _module_preset=\u00a0\u00bbdefault\u00a0\u00bb custom_margin_tablet=\u00a0\u00bb\u00a0\u00bb custom_margin_phone=\u00a0\u00bb\u00a0\u00bb custom_margin_last_edited=\u00a0\u00bbon|phone\u00a0\u00bb custom_padding=\u00a0\u00bb||0px||false|false\u00a0\u00bb da_disable_devices=\u00a0\u00bboff|off|off\u00a0\u00bb global_colors_info=\u00a0\u00bb{}\u00a0\u00bb da_is_popup=\u00a0\u00bboff\u00a0\u00bb da_exit_intent=\u00a0\u00bboff\u00a0\u00bb da_has_close=\u00a0\u00bbon\u00a0\u00bb da_alt_close=\u00a0\u00bboff\u00a0\u00bb da_dark_close=\u00a0\u00bboff\u00a0\u00bb da_not_modal=\u00a0\u00bbon\u00a0\u00bb da_is_singular=\u00a0\u00bboff\u00a0\u00bb da_with_loader=\u00a0\u00bboff\u00a0\u00bb da_has_shadow=\u00a0\u00bbon\u00a0\u00bb][et_pb_row column_structure=\u00a0\u00bb1_2,1_2&Prime; _builder_version=\u00a0\u00bb4.17.0&Prime; _module_preset=\u00a0\u00bbdefault\u00a0\u00bb custom_margin_tablet=\u00a0\u00bb\u00a0\u00bb custom_margin_phone=\u00a0\u00bb\u00a0\u00bb custom_margin_last_edited=\u00a0\u00bbon|phone\u00a0\u00bb custom_padding=\u00a0\u00bb||0px||false|false\u00a0\u00bb global_colors_info=\u00a0\u00bb{}\u00a0\u00bb][et_pb_column type=\u00a0\u00bb1_2&Prime; _builder_version=\u00a0\u00bb4.17.0&Prime; _module_preset=\u00a0\u00bbdefault\u00a0\u00bb global_colors_info=\u00a0\u00bb{}\u00a0\u00bb][et_pb_accordion _builder_version=\u00a0\u00bb4.27.4&Prime; _module_preset=\u00a0\u00bbdefault\u00a0\u00bb hover_enabled=\u00a0\u00bb0&Prime; global_colors_info=\u00a0\u00bb{}\u00a0\u00bb sticky_enabled=\u00a0\u00bb0&Prime;][et_pb_accordion_item title=\u00a0\u00bbGOLF CLUB ESERY 2026&Prime; _builder_version=\u00a0\u00bb4.27.4&Prime; _module_preset=\u00a0\u00bbdefault\u00a0\u00bb global_colors_info=\u00a0\u00bb{}\u00a0\u00bb open=\u00a0\u00bbon\u00a0\u00bb]<\/p>\n<p><strong>PARCOURS 18 TROUS &#8211; SACCONAY<\/strong><\/p>\n<ul>\n<li>Basse saison (du 01\/01 au 12\/04 et du 19\/10 au 31\/12 ; hors week-ends et jours f\u00e9ri\u00e9s) \u2013 60 \u20acuros (au lieu de 80 \u20ac)<\/li>\n<li>Haute saison (du 13\/04 au 18\/10 ; hors week-ends et jours f\u00e9ri\u00e9s) \u2013 90 \u20acuros (au lieu de 130 \u20ac)<\/li>\n<\/ul>\n<p>Limit\u00e9 \u00e0 3 parcours maximum par saison ; au-del\u00e0, application du tarif plein.<\/p>\n<p><strong>PARCOURS 9 TROUS \u2013 CHAMPS DES COMBES<\/strong><\/p>\n<ul>\n<li>Basse saison (du 01\/01 au 12\/04 et du 19\/10 au 31\/12 ; hors week-ends et jours f\u00e9ri\u00e9s) \u2013 40 \u20acuros (au lieu de 45 \u20ac)<\/li>\n<li>Haute saison (du 13\/04 au 18\/10 ; hors week-ends et jours f\u00e9ri\u00e9s) \u2013 50 \u20acuros (au lieu de 60 \u20ac)<\/li>\n<\/ul>\n<p>[\/et_pb_accordion_item][et_pb_accordion_item title=\u00a0\u00bbGOLF DE LA MANCHETTE 2026&Prime; _builder_version=\u00a0\u00bb4.27.4&Prime; _module_preset=\u00a0\u00bbdefault\u00a0\u00bb global_colors_info=\u00a0\u00bb{}\u00a0\u00bb open=\u00a0\u00bboff\u00a0\u00bb]<\/p>\n<p align=\"LEFT\"><span style=\"color: #000000;\"><span style=\"font-family: Calibri, sans-serif;\"><span style=\"font-size: medium;\">Nous avons le plaisir de vous faire part de notre proposition de tarifs pr\u00e9f\u00e9rentiels 2026 dont b\u00e9n\u00e9ficieront vos membres.<\/span><\/span><\/span><\/p>\n<p align=\"LEFT\"><span style=\"color: #000000;\"><span style=\"font-family: Calibri, sans-serif;\"><span style=\"font-size: medium;\">La r\u00e9duction est accord\u00e9e sur la base d\u2019un 18 trous.<\/span><\/span><\/span><\/p>\n<p>&nbsp;<\/p>\n<p><span style=\"font-family: Calibri, sans-serif;\">Nous permettons \u00e0 vos membres de b\u00e9n\u00e9ficier de tarifs suivants:<\/span><\/p>\n<p>&nbsp;<\/p>\n<p><u> <\/u><span style=\"font-family: Calibri, sans-serif;\"><span style=\"color: #000000;\"><span style=\"font-size: medium;\"><u><b>Lundi\/Jeudi: <\/b><\/u><\/span><\/span><span style=\"color: #000000;\"><span style=\"font-size: medium;\"><span>52<\/span><\/span><\/span><span style=\"color: #000000;\"><span style=\"font-size: medium;\"> \u20ac au lieu de 57 \u20ac<\/span><\/span><span style=\"color: #000000;\"><span style=\"font-size: medium;\"><span> (hors jours f\u00e9ri\u00e9s)<\/span><\/span><\/span><span> <\/span><\/span><\/p>\n<p><span> <\/span><\/p>\n<p align=\"LEFT\"><span style=\"color: #000000;\"> <span style=\"font-family: Calibri, sans-serif;\"><span style=\"font-size: medium;\">Sur r\u00e9servation <\/span><span style=\"font-size: medium;\">uniquement par t\u00e9l\u00e9phone au secr\u00e9tariat.<\/span><\/span><\/span><\/p>\n<p align=\"LEFT\"><span style=\"font-family: Calibri, sans-serif;\">Nous vous informons que ces tarifs sont valables uniquement sur pr\u00e9sentation de la carte de membre de votre club et <span style=\"color: #000000;\"><span style=\"font-size: medium;\">de leur licence pour la saison en cours.<\/span><\/span><\/span><\/p>\n<p>[\/et_pb_accordion_item][et_pb_accordion_item title=\u00a0\u00bbGOLF DE MACHILLY 2026&Prime; open=\u00a0\u00bboff\u00a0\u00bb _builder_version=\u00a0\u00bb4.27.4&Prime; _module_preset=\u00a0\u00bbdefault\u00a0\u00bb global_colors_info=\u00a0\u00bb{}\u00a0\u00bb]<\/p>\n<p>Bonjour Nicolas,<\/p>\n<p>En retour \u00e0 ta proposition de tarifs de r\u00e9ciprocit\u00e9s pour nos membres respectifs, nous te proposons un tarif de 22 euros au lieu de 26 pour un green fee journ\u00e9e Week end et jours f\u00e9ri\u00e9s inclus.<\/p>\n<p>Je te souhaite une excellente saison.<\/p>\n<p>Jean pierre Pasini<\/p>\n<p>[\/et_pb_accordion_item][et_pb_accordion_item title=\u00a0\u00bbGOLF D&rsquo;EVIAN 2026&Prime; _builder_version=\u00a0\u00bb4.27.4&Prime; _module_preset=\u00a0\u00bbdefault\u00a0\u00bb global_colors_info=\u00a0\u00bb{}\u00a0\u00bb open=\u00a0\u00bboff\u00a0\u00bb]<\/p>\n<p>Apr\u00e8s concertation avec Magali Decurninges, nous accordons <strong>10% de remise sur les GF 18 trous, en basse saison uniquement<\/strong>\u00a0(f\u00e9vrier \u2013 avril, puis octobre et novembre) pour les membres du Golf de Mornex.<\/p>\n<p>[\/et_pb_accordion_item][et_pb_accordion_item title=\u00a0\u00bbGOLF DU CLOU 2026&Prime; _builder_version=\u00a0\u00bb4.27.4&Prime; _module_preset=\u00a0\u00bbdefault\u00a0\u00bb global_colors_info=\u00a0\u00bb{}\u00a0\u00bb open=\u00a0\u00bboff\u00a0\u00bb]<\/p>\n<p>Bonjour Nicolas<\/p>\n<p>Nous pouvons vous faire une remise de 20% sur notre tarif de green fee (green fee haute saison : 63 euros &#8211; 20% ) : hors comp\u00e9tition<\/p>\n<p>Nous restons \u00e0 votre disposition pour tout compl\u00e9ment d&rsquo;information<\/p>\n<p>&nbsp;<\/p>\n<p>[\/et_pb_accordion_item][et_pb_accordion_item title=\u00a0\u00bbGOLF LE ROCHAT 2026&Prime; _builder_version=\u00a0\u00bb4.27.4&Prime; _module_preset=\u00a0\u00bbdefault\u00a0\u00bb global_colors_info=\u00a0\u00bb{}\u00a0\u00bb open=\u00a0\u00bboff\u00a0\u00bb]<\/p>\n<p>J\u2019ai le plaisir de vous informer des tarifs que vos membres b\u00e9n\u00e9ficieront sur pr\u00e9sentation de leur carte et licence FFG en cours de validit\u00e9, \u00e0 savoir\u00a0:<\/p>\n<p>&nbsp;<\/p>\n<p><strong><em>Green Fee 18 trous &#8211; basse saison : 46 \u20ac au lieu de 58 \u20ac<br \/><\/em><\/strong><strong><em>(de l\u2019ouverture au 7\/05 et du 12\/10 \u00e0 la fermeture)<\/em><\/strong><strong><em>\u00a0<\/em><\/strong><\/p>\n<p><strong><em>Green Fee 18 trous haute saison\u00a0: \u00a0\u00a0\u00a0 58 \u20ac au lieu de 67 \u20ac<br \/><\/em><\/strong><strong><em>(du 08\/05 au 11\/10)<\/em><\/strong><strong><em>\u00a0<\/em><\/strong><\/p>\n<p><strong><em>Cette offre est valable sur la base d\u2019un Green \u2013 Fee 18 trous<br \/>hors, Green-Club, cartes Classic &amp; Gold pour les golfs partenaires \u00ab\u00a0Leclub\u00a0\u00bb<\/em><\/strong><\/p>\n<p>[\/et_pb_accordion_item][et_pb_accordion_item title=\u00a0\u00bbGOLF DE CHAMONIX 2026&Prime; _builder_version=\u00a0\u00bb4.27.4&Prime; _module_preset=\u00a0\u00bbdefault\u00a0\u00bb global_colors_info=\u00a0\u00bb{}\u00a0\u00bb open=\u00a0\u00bboff\u00a0\u00bb]<\/p>\n<p>Dans le cadre de nos \u00e9changes interclubs, nous vous proposons de reconduire pour la saison 2026, nos accords de r\u00e9ciprocit\u00e9.<br \/>C\u2019est avec plaisir que nous accueillerons les membres de votre club aux conditions pr\u00e9f\u00e9rentielles suivantes :<br \/>R\u00e9duction de 10% sur les tarifs Greens Fees 18 trous hors Juillet\/Aout :<\/p>\n<ul>\n<li>De l\u2019ouverture au 15\/05 et du 16\/10 \u00e0 la fermeture : 63 \u20ac au lieu de 70\u20ac<\/li>\n<li>Du 16\/05 au 15\/06 et du 16\/09 au 15\/10 : 90 \u20ac au lieu de 100 \u20ac<\/li>\n<li>Du 16 au 30\/06 et du 1er au 15\/09 : 104 \u20ac au lieu de 115 \u20ac.<\/li>\n<\/ul>\n<p>Ces tarifs seront appliqu\u00e9s sur pr\u00e9sentation d\u2019une carte de membre et d\u2019une licence active pour l\u2019ann\u00e9e en cours. Les r\u00e9servations s\u2019effectueront 48h \u00e0 l\u2019avance aupr\u00e8s de notre secr\u00e9tariat en pr\u00e9cisant l\u2019appartenance au Club partenaire.<\/p>\n<p>&nbsp;<\/p>\n<p>[\/et_pb_accordion_item][et_pb_accordion_item title=\u00a0\u00bbGOLF DU BELVEDERE 2026&Prime; _builder_version=\u00a0\u00bb4.27.4&Prime; _module_preset=\u00a0\u00bbdefault\u00a0\u00bb global_colors_info=\u00a0\u00bb{}\u00a0\u00bb open=\u00a0\u00bboff\u00a0\u00bb]<\/p>\n<p>En r\u00e9ciprocit\u00e9, voici les conditions que nous appliquerons aux membres du Golf de Mornex pour la saison 2026 sur notre parcours 9 trous :<\/p>\n<ul>\n<li><strong>Tarif pr\u00e9f\u00e9rentiel :<\/strong>\u00a0<span>\u00a0<\/span><strong>30 \u20ac<\/strong><span>\u00a0<\/span>le 9 trous semaine au lieu de 34 \u20ac<span>\u00a0<\/span>\u00a0\u00a0\u00a0\u00a0\u00a0\u00a0\u00a0\u00a0\u00a0\u00a0\u00a0\u00a0\u00a0\u00a0\u00a0\u00a0\u00a0\u00a0\u00a0\u00a0\u00a0\u00a0\u00a0\u00a0\u00a0\u00a0\u00a0\u00a0\u00a0\u00a0\u00a0\u00a0\u00a0\u00a0\u00a0\u00a0\u00a0\u00a0\u00a0\u00a0\u00a0\u00a0\u00a0\u00a0\u00a0\u00a0\u00a0\u00a0\u00a0\u00a0\u00a0<strong>36 \u20ac<\/strong><span>\u00a0<\/span>la journ\u00e9e Semaine et le 9 trous week-end au lieu de 40 \u20ac<span>\u00a0<\/span>\u00a0\u00a0\u00a0\u00a0\u00a0\u00a0\u00a0\u00a0\u00a0\u00a0\u00a0\u00a0\u00a0\u00a0\u00a0\u00a0\u00a0\u00a0\u00a0\u00a0\u00a0\u00a0\u00a0\u00a0\u00a0\u00a0\u00a0\u00a0\u00a0\u00a0\u00a0\u00a0\u00a0\u00a0\u00a0\u00a0\u00a0et<span>\u00a0<\/span><strong>41 \u20ac<\/strong><span>\u00a0<\/span>la journ\u00e9e week-end week-end au lieu de 46 \u20ac<span>\u00a0<\/span><\/li>\n<li><strong>Condition :<\/strong>\u00a0Sur pr\u00e9sentation de la licence mentionnant le club de Mornex.<\/li>\n<\/ul>\n<p>[\/et_pb_accordion_item][et_pb_accordion_item title=\u00a0\u00bbGOLF DE JIVA HILL 2026&Prime; _builder_version=\u00a0\u00bb4.27.4&Prime; _module_preset=\u00a0\u00bbdefault\u00a0\u00bb global_colors_info=\u00a0\u00bb{}\u00a0\u00bb open=\u00a0\u00bboff\u00a0\u00bb]<\/p>\n<p>Comme l\u2019ann\u00e9e pass\u00e9e, nous souhaitons vous proposer de renouveler notre accord de r\u00e9ciprocit\u00e9 tarifaire pour l\u2019ann\u00e9e 2026.<\/p>\n<p>&nbsp;<\/p>\n<p>Nous aurons donc le plaisir de recevoir vos membres (sur pr\u00e9sentation de leur licence 2026 et carte de membre) aux conditions pr\u00e9f\u00e9rentielles suivantes\u00a0:<\/p>\n<p>&nbsp;<\/p>\n<table width=\"300\" style=\"width: 300px;\">\n<tbody>\n<tr>\n<td style=\"width: 138.656px;\">GF 9trous Semaine<\/td>\n<td style=\"width: 137.547px;\">GF 9trous WE<\/td>\n<td style=\"width: 138.656px;\">GF 18trous Semaine<\/td>\n<td style=\"width: 138.141px;\">GF 18trous WE<\/td>\n<\/tr>\n<tr>\n<td style=\"width: 138.656px;\">37\u20ac &gt; 32\u20ac<\/td>\n<td style=\"width: 137.547px;\">42\u20ac &gt; 36\u20ac<\/td>\n<td style=\"width: 138.656px;\">46\u20ac &gt; 40\u20ac<\/td>\n<td style=\"width: 138.141px;\">56\u20ac &gt; 48\u20ac<\/td>\n<\/tr>\n<\/tbody>\n<\/table>\n<p>[\/et_pb_accordion_item][et_pb_accordion_item title=\u00a0\u00bbGOLF DE GONVILLE 2026&Prime; _builder_version=\u00a0\u00bb4.27.4&Prime; _module_preset=\u00a0\u00bbdefault\u00a0\u00bb global_colors_info=\u00a0\u00bb{}\u00a0\u00bb open=\u00a0\u00bboff\u00a0\u00bb]<\/p>\n<p>Cher(e) Confr\u00e8re,<br \/>Nous avons le plaisir de vous faire part de nos tarifs pr\u00e9f\u00e9rentiels r\u00e9ciprocit\u00e9s golfs dont b\u00e9n\u00e9ficieront vos membres pour la saison prochaine et sur pr\u00e9sentation de leur carte de membre ou de leur licence FFG 2026 avec lien abonn\u00e9\/membre.<br \/>Licence FFG en cours de validit\u00e9 obligatoire et niveau carte verte minimum.<br \/>Application de l\u2019offre :<br \/>La r\u00e9duction est accord\u00e9e sur la base d\u2019un green-fee 9 ou 18 trous en semaine ou en week-end.<br \/><span style=\"text-decoration: underline;\"><strong>Tarifs 2026 accord\u00e9s :<\/strong><\/span><br \/><strong>Green-Fee Semaine<\/strong><br \/>18 Trous 50 \u20ac\u2026\u2026 45 \u20ac<br \/>9 Trous 30 \u20ac\u2026.\u202628 \u20ac<\/p>\n<p><strong>Green-Fee Week-End<\/strong><\/p>\n<p>18 Trous 60 \u20ac\u2026..55 \u20ac<\/p>\n<p>9 Trous 35 \u20ac\u2026..32 \u20ac<\/p>\n<p>Dans l\u2019attente de votre bon pour accord de r\u00e9ciprocit\u00e9s, veuillez agr\u00e9er nos cordiales salutations<\/p>\n<p>[\/et_pb_accordion_item][et_pb_accordion_item title=\u00a0\u00bbGOLF DU LAC D\u2019ANNECY 2026&Prime; _builder_version=\u00a0\u00bb4.27.4&Prime; _module_preset=\u00a0\u00bbdefault\u00a0\u00bb hover_enabled=\u00a0\u00bb0&Prime; global_colors_info=\u00a0\u00bb{}\u00a0\u00bb open=\u00a0\u00bboff\u00a0\u00bb sticky_enabled=\u00a0\u00bb0&Prime;]<\/p>\n<pre wrap=\"\" class=\"moz-quote-pre\">nous vous proposons -10% sur tous nos green-fees de la saison.<\/pre>\n<p>[\/et_pb_accordion_item][et_pb_accordion_item title=\u00a0\u00bbGOLF CLUB AVORIAZ\u00a0\u00bb _builder_version=\u00a0\u00bb4.27.4&Prime; _module_preset=\u00a0\u00bbdefault\u00a0\u00bb global_colors_info=\u00a0\u00bb{}\u00a0\u00bb open=\u00a0\u00bboff\u00a0\u00bb]<\/p>\n<p>20% Sur green fee avec votre carte<\/p>\n<p>[\/et_pb_accordion_item][et_pb_accordion_item title=\u00a0\u00bbGOLF DE CHANALET BOURG LES VALENCE\u00a0\u00bb _builder_version=\u00a0\u00bb4.27.4&Prime; _module_preset=\u00a0\u00bbdefault\u00a0\u00bb global_colors_info=\u00a0\u00bb{}\u00a0\u00bb open=\u00a0\u00bboff\u00a0\u00bb]<\/p>\n<p>En attente des tarifs 2026<\/p>\n<p>[\/et_pb_accordion_item][et_pb_accordion_item title=\u00a0\u00bbGOLF HAUY BUGET\u00a0\u00bb _builder_version=\u00a0\u00bb4.27.4&Prime; _module_preset=\u00a0\u00bbdefault\u00a0\u00bb global_colors_info=\u00a0\u00bb{}\u00a0\u00bb open=\u00a0\u00bboff\u00a0\u00bb]<\/p>\n<p>En attente des tarifs 2026<\/p>\n<p>[\/et_pb_accordion_item][et_pb_accordion_item title=\u00a0\u00bbGOLF PRACTICE DE MONTROTTIER\u00a0\u00bb _builder_version=\u00a0\u00bb4.27.4&Prime; _module_preset=\u00a0\u00bbdefault\u00a0\u00bb global_colors_info=\u00a0\u00bb{}\u00a0\u00bb open=\u00a0\u00bboff\u00a0\u00bb]<\/p>\n<p>En attente des tarifs 2026<\/p>\n<p>[\/et_pb_accordion_item][\/et_pb_accordion][\/et_pb_column][et_pb_column type=\u00a0\u00bb1_2&Prime; _builder_version=\u00a0\u00bb4.17.0&Prime; _module_preset=\u00a0\u00bbdefault\u00a0\u00bb global_colors_info=\u00a0\u00bb{}\u00a0\u00bb][\/et_pb_column][\/et_pb_row][\/et_pb_section][et_pb_section fb_built=\u00a0\u00bb1&Prime; _builder_version=\u00a0\u00bb4.17.0&Prime; _module_preset=\u00a0\u00bbdefault\u00a0\u00bb da_disable_devices=\u00a0\u00bboff|off|off\u00a0\u00bb global_module=\u00a0\u00bb1148&Prime; saved_tabs=\u00a0\u00bball\u00a0\u00bb global_colors_info=\u00a0\u00bb{}\u00a0\u00bb da_is_popup=\u00a0\u00bboff\u00a0\u00bb da_exit_intent=\u00a0\u00bboff\u00a0\u00bb da_has_close=\u00a0\u00bbon\u00a0\u00bb da_alt_close=\u00a0\u00bboff\u00a0\u00bb da_dark_close=\u00a0\u00bboff\u00a0\u00bb da_not_modal=\u00a0\u00bbon\u00a0\u00bb da_is_singular=\u00a0\u00bboff\u00a0\u00bb da_with_loader=\u00a0\u00bboff\u00a0\u00bb da_has_shadow=\u00a0\u00bbon\u00a0\u00bb][\/et_pb_section]<\/p>\n","protected":false},"excerpt":{"rendered":"<p>Golfs partenaires qui accordent des tarifs pr\u00e9f\u00e9rentiels \u00e0 nos membres Tarifs de 2026 (Sur pr\u00e9sentation de la carte de membre et de la licence de golf)PARCOURS 18 TROUS &#8211; SACCONAY Basse saison (du 01\/01 au 12\/04 et du 19\/10 au 31\/12 ; hors week-ends et jours f\u00e9ri\u00e9s) \u2013 60 \u20acuros (au lieu de 80 \u20ac) [&hellip;]<\/p>\n","protected":false},"author":3,"featured_media":0,"parent":0,"menu_order":0,"comment_status":"closed","ping_status":"closed","template":"","meta":{"_et_pb_use_builder":"on","_et_pb_old_content":"","_et_gb_content_width":"","footnotes":""},"class_list":["post-2650","page","type-page","status-publish","hentry"],"yoast_head":"<!-- This site is optimized with the Yoast SEO plugin v24.4 - https:\/\/yoast.com\/wordpress\/plugins\/seo\/ -->\n<title>Tarifs pr\u00e9f\u00e9rentiels - Golf de Mornex<\/title>\n<meta name=\"robots\" content=\"index, follow, max-snippet:-1, max-image-preview:large, max-video-preview:-1\" \/>\n<link rel=\"canonical\" href=\"https:\/\/golf-mornex.com\/wp\/tarifs-preferentiels\/\" \/>\n<meta property=\"og:locale\" content=\"fr_FR\" \/>\n<meta property=\"og:type\" content=\"article\" \/>\n<meta property=\"og:title\" content=\"Tarifs pr\u00e9f\u00e9rentiels - Golf de Mornex\" \/>\n<meta property=\"og:description\" content=\"Golfs partenaires qui accordent des tarifs pr\u00e9f\u00e9rentiels \u00e0 nos membres Tarifs de 2026 (Sur pr\u00e9sentation de la carte de membre et de la licence de golf)PARCOURS 18 TROUS - SACCONAY Basse saison (du 01\/01 au 12\/04 et du 19\/10 au 31\/12 ; hors week-ends et jours f\u00e9ri\u00e9s) \u2013 60 \u20acuros (au lieu de 80 \u20ac) [&hellip;]\" \/>\n<meta property=\"og:url\" content=\"https:\/\/golf-mornex.com\/wp\/tarifs-preferentiels\/\" \/>\n<meta property=\"og:site_name\" content=\"Golf de Mornex\" \/>\n<meta property=\"article:modified_time\" content=\"2026-04-19T10:44:42+00:00\" \/>\n<meta name=\"twitter:card\" content=\"summary_large_image\" \/>\n<meta name=\"twitter:label1\" content=\"Dur\u00e9e de lecture estim\u00e9e\" \/>\n\t<meta name=\"twitter:data1\" content=\"8 minutes\" \/>\n<script type=\"application\/ld+json\" class=\"yoast-schema-graph\">{\"@context\":\"https:\/\/schema.org\",\"@graph\":[{\"@type\":\"WebPage\",\"@id\":\"https:\/\/golf-mornex.com\/wp\/tarifs-preferentiels\/\",\"url\":\"https:\/\/golf-mornex.com\/wp\/tarifs-preferentiels\/\",\"name\":\"Tarifs pr\u00e9f\u00e9rentiels - Golf de Mornex\",\"isPartOf\":{\"@id\":\"https:\/\/golf-mornex.com\/wp\/#website\"},\"datePublished\":\"2023-04-05T15:32:06+00:00\",\"dateModified\":\"2026-04-19T10:44:42+00:00\",\"breadcrumb\":{\"@id\":\"https:\/\/golf-mornex.com\/wp\/tarifs-preferentiels\/#breadcrumb\"},\"inLanguage\":\"fr-FR\",\"potentialAction\":[{\"@type\":\"ReadAction\",\"target\":[\"https:\/\/golf-mornex.com\/wp\/tarifs-preferentiels\/\"]}]},{\"@type\":\"BreadcrumbList\",\"@id\":\"https:\/\/golf-mornex.com\/wp\/tarifs-preferentiels\/#breadcrumb\",\"itemListElement\":[{\"@type\":\"ListItem\",\"position\":1,\"name\":\"Accueil\",\"item\":\"https:\/\/golf-mornex.com\/wp\/\"},{\"@type\":\"ListItem\",\"position\":2,\"name\":\"Tarifs pr\u00e9f\u00e9rentiels\"}]},{\"@type\":\"WebSite\",\"@id\":\"https:\/\/golf-mornex.com\/wp\/#website\",\"url\":\"https:\/\/golf-mornex.com\/wp\/\",\"name\":\"Golf de Mornex\",\"description\":\"Bien d\u00e9buter au golf\",\"potentialAction\":[{\"@type\":\"SearchAction\",\"target\":{\"@type\":\"EntryPoint\",\"urlTemplate\":\"https:\/\/golf-mornex.com\/wp\/?s={search_term_string}\"},\"query-input\":{\"@type\":\"PropertyValueSpecification\",\"valueRequired\":true,\"valueName\":\"search_term_string\"}}],\"inLanguage\":\"fr-FR\"}]}<\/script>\n<!-- \/ Yoast SEO plugin. -->","yoast_head_json":{"title":"Tarifs pr\u00e9f\u00e9rentiels - Golf de Mornex","robots":{"index":"index","follow":"follow","max-snippet":"max-snippet:-1","max-image-preview":"max-image-preview:large","max-video-preview":"max-video-preview:-1"},"canonical":"https:\/\/golf-mornex.com\/wp\/tarifs-preferentiels\/","og_locale":"fr_FR","og_type":"article","og_title":"Tarifs pr\u00e9f\u00e9rentiels - Golf de Mornex","og_description":"Golfs partenaires qui accordent des tarifs pr\u00e9f\u00e9rentiels \u00e0 nos membres Tarifs de 2026 (Sur pr\u00e9sentation de la carte de membre et de la licence de golf)PARCOURS 18 TROUS - SACCONAY Basse saison (du 01\/01 au 12\/04 et du 19\/10 au 31\/12 ; hors week-ends et jours f\u00e9ri\u00e9s) \u2013 60 \u20acuros (au lieu de 80 \u20ac) [&hellip;]","og_url":"https:\/\/golf-mornex.com\/wp\/tarifs-preferentiels\/","og_site_name":"Golf de Mornex","article_modified_time":"2026-04-19T10:44:42+00:00","twitter_card":"summary_large_image","twitter_misc":{"Dur\u00e9e de lecture estim\u00e9e":"8 minutes"},"schema":{"@context":"https:\/\/schema.org","@graph":[{"@type":"WebPage","@id":"https:\/\/golf-mornex.com\/wp\/tarifs-preferentiels\/","url":"https:\/\/golf-mornex.com\/wp\/tarifs-preferentiels\/","name":"Tarifs pr\u00e9f\u00e9rentiels - Golf de Mornex","isPartOf":{"@id":"https:\/\/golf-mornex.com\/wp\/#website"},"datePublished":"2023-04-05T15:32:06+00:00","dateModified":"2026-04-19T10:44:42+00:00","breadcrumb":{"@id":"https:\/\/golf-mornex.com\/wp\/tarifs-preferentiels\/#breadcrumb"},"inLanguage":"fr-FR","potentialAction":[{"@type":"ReadAction","target":["https:\/\/golf-mornex.com\/wp\/tarifs-preferentiels\/"]}]},{"@type":"BreadcrumbList","@id":"https:\/\/golf-mornex.com\/wp\/tarifs-preferentiels\/#breadcrumb","itemListElement":[{"@type":"ListItem","position":1,"name":"Accueil","item":"https:\/\/golf-mornex.com\/wp\/"},{"@type":"ListItem","position":2,"name":"Tarifs pr\u00e9f\u00e9rentiels"}]},{"@type":"WebSite","@id":"https:\/\/golf-mornex.com\/wp\/#website","url":"https:\/\/golf-mornex.com\/wp\/","name":"Golf de Mornex","description":"Bien d\u00e9buter au golf","potentialAction":[{"@type":"SearchAction","target":{"@type":"EntryPoint","urlTemplate":"https:\/\/golf-mornex.com\/wp\/?s={search_term_string}"},"query-input":{"@type":"PropertyValueSpecification","valueRequired":true,"valueName":"search_term_string"}}],"inLanguage":"fr-FR"}]}},"_links":{"self":[{"href":"https:\/\/golf-mornex.com\/wp\/wp-json\/wp\/v2\/pages\/2650","targetHints":{"allow":["GET"]}}],"collection":[{"href":"https:\/\/golf-mornex.com\/wp\/wp-json\/wp\/v2\/pages"}],"about":[{"href":"https:\/\/golf-mornex.com\/wp\/wp-json\/wp\/v2\/types\/page"}],"author":[{"embeddable":true,"href":"https:\/\/golf-mornex.com\/wp\/wp-json\/wp\/v2\/users\/3"}],"replies":[{"embeddable":true,"href":"https:\/\/golf-mornex.com\/wp\/wp-json\/wp\/v2\/comments?post=2650"}],"version-history":[{"count":29,"href":"https:\/\/golf-mornex.com\/wp\/wp-json\/wp\/v2\/pages\/2650\/revisions"}],"predecessor-version":[{"id":3052,"href":"https:\/\/golf-mornex.com\/wp\/wp-json\/wp\/v2\/pages\/2650\/revisions\/3052"}],"wp:attachment":[{"href":"https:\/\/golf-mornex.com\/wp\/wp-json\/wp\/v2\/media?parent=2650"}],"curies":[{"name":"wp","href":"https:\/\/api.w.org\/{rel}","templated":true}]}}